{"id":989933,"date":"2025-04-16T14:06:21","date_gmt":"2025-04-16T12:06:21","guid":{"rendered":"https:\/\/blancshop.it\/?post_type=product&#038;p=989933"},"modified":"2025-04-16T14:06:22","modified_gmt":"2025-04-16T12:06:22","slug":"camicetta-donna","status":"publish","type":"product","link":"https:\/\/blancshop.it\/en\/prodotto\/camicetta-donna\/","title":{"rendered":"Camicetta donna"},"content":{"rendered":"<div class=\"vgblk-rw-wrapper limit-wrapper\">Camicia da donna realizzata in oxford gold. Questo capo molto versatile ha una vestibilit\u00e0 comoda, la manica scesa sulla spalla, colletto classico e abbottonatura davanti con bottoni in madreperla. Adatta per ogni occasione, abbinata perfettamente con ogni look. E&#8217; un capo che non pu\u00f2 mancare nel guardaroba.<\/p>\n<p>Vestibilit\u00e0 regular<\/p>\n<p>La modella \u00e8 alta 160cm e indossa una taglia S\/38.<\/p><\/div>\n<p><!-- .vgblk-rw-wrapper --><\/p>\n","protected":false},"excerpt":{"rendered":"<p>Camicia da donna realizzata in oxford gold. Questo capo molto versatile ha una vestibilit\u00e0 comoda, la manica scesa sulla spalla, colletto classico e abbottonatura davanti con bottoni in madreperla. Adatta per ogni occasione, abbinata perfettamente con ogni look. E&#8217; un capo che non pu\u00f2 mancare nel guardaroba. Vestibilit\u00e0 regular La modella \u00e8 alta 160cm e&#8230;<\/p>\n","protected":false},"featured_media":989934,"comment_status":"closed","ping_status":"closed","template":"","meta":[],"product_brand":[],"product_cat":[15,209],"product_tag":[],"class_list":{"0":"post-989933","1":"product","2":"type-product","3":"status-publish","4":"has-post-thumbnail","6":"product_cat-catalogo","7":"product_cat-classique","9":"first","10":"instock","11":"shipping-taxable","12":"purchasable","13":"product-type-variable"},"yoast_head":"<!-- This site is optimized with the Yoast SEO plugin v27.4 - https:\/\/yoast.com\/product\/yoast-seo-wordpress\/ -->\n<title>Camicetta donna - Blanc Shop<\/title>\n<meta name=\"description\" content=\"Camicia da donna in oxford gold con vestibilit\u00e0 comoda. Adatta per ogni occasione, un capo che non pu\u00f2 mancare nel guardaroba.\" \/>\n<meta name=\"robots\" content=\"index, follow, max-snippet:-1, max-image-preview:large, max-video-preview:-1\" \/>\n<link rel=\"canonical\" href=\"https:\/\/blancshop.it\/en\/prodotto\/camicetta-donna\/\" \/>\n<meta property=\"og:locale\" content=\"en_US\" \/>\n<meta property=\"og:type\" content=\"article\" \/>\n<meta property=\"og:title\" content=\"Camicetta donna - Blanc Shop\" \/>\n<meta property=\"og:description\" content=\"Camicia da donna in oxford gold con vestibilit\u00e0 comoda. Adatta per ogni occasione, un capo che non pu\u00f2 mancare nel guardaroba.\" \/>\n<meta property=\"og:url\" content=\"https:\/\/blancshop.it\/en\/prodotto\/camicetta-donna\/\" \/>\n<meta property=\"og:site_name\" content=\"Blanc Shop\" \/>\n<meta property=\"article:modified_time\" content=\"2025-04-16T12:06:22+00:00\" \/>\n<meta property=\"og:image\" content=\"http:\/\/blancshop.it\/wp-content\/uploads\/2025\/04\/EV7A1443-scaled.jpg\" \/>\n\t<meta property=\"og:image:width\" content=\"1707\" \/>\n\t<meta property=\"og:image:height\" content=\"2560\" \/>\n\t<meta property=\"og:image:type\" content=\"image\/jpeg\" \/>\n<meta name=\"twitter:card\" content=\"summary_large_image\" \/>\n<meta name=\"twitter:label1\" content=\"Est. reading time\" \/>\n\t<meta name=\"twitter:data1\" content=\"1 minute\" \/>\n<script type=\"application\/ld+json\" class=\"yoast-schema-graph\">{\"@context\":\"https:\\\/\\\/schema.org\",\"@graph\":[{\"@type\":\"WebPage\",\"@id\":\"https:\\\/\\\/blancshop.it\\\/en\\\/prodotto\\\/camicetta-donna\\\/\",\"url\":\"https:\\\/\\\/blancshop.it\\\/en\\\/prodotto\\\/camicetta-donna\\\/\",\"name\":\"Camicetta donna - Blanc Shop\",\"isPartOf\":{\"@id\":\"https:\\\/\\\/blancshop.it\\\/en\\\/#website\"},\"primaryImageOfPage\":{\"@id\":\"https:\\\/\\\/blancshop.it\\\/en\\\/prodotto\\\/camicetta-donna\\\/#primaryimage\"},\"image\":{\"@id\":\"https:\\\/\\\/blancshop.it\\\/en\\\/prodotto\\\/camicetta-donna\\\/#primaryimage\"},\"thumbnailUrl\":\"https:\\\/\\\/i0.wp.com\\\/blancshop.it\\\/wp-content\\\/uploads\\\/2025\\\/04\\\/EV7A1443-scaled.jpg?fit=1707%2C2560&ssl=1\",\"datePublished\":\"2025-04-16T12:06:21+00:00\",\"dateModified\":\"2025-04-16T12:06:22+00:00\",\"description\":\"Camicia da donna in oxford gold con vestibilit\u00e0 comoda. Adatta per ogni occasione, un capo che non pu\u00f2 mancare nel guardaroba.\",\"breadcrumb\":{\"@id\":\"https:\\\/\\\/blancshop.it\\\/en\\\/prodotto\\\/camicetta-donna\\\/#breadcrumb\"},\"inLanguage\":\"en-US\",\"potentialAction\":[{\"@type\":\"ReadAction\",\"target\":[\"https:\\\/\\\/blancshop.it\\\/en\\\/prodotto\\\/camicetta-donna\\\/\"]}]},{\"@type\":\"ImageObject\",\"inLanguage\":\"en-US\",\"@id\":\"https:\\\/\\\/blancshop.it\\\/en\\\/prodotto\\\/camicetta-donna\\\/#primaryimage\",\"url\":\"https:\\\/\\\/i0.wp.com\\\/blancshop.it\\\/wp-content\\\/uploads\\\/2025\\\/04\\\/EV7A1443-scaled.jpg?fit=1707%2C2560&ssl=1\",\"contentUrl\":\"https:\\\/\\\/i0.wp.com\\\/blancshop.it\\\/wp-content\\\/uploads\\\/2025\\\/04\\\/EV7A1443-scaled.jpg?fit=1707%2C2560&ssl=1\",\"width\":1707,\"height\":2560},{\"@type\":\"BreadcrumbList\",\"@id\":\"https:\\\/\\\/blancshop.it\\\/en\\\/prodotto\\\/camicetta-donna\\\/#breadcrumb\",\"itemListElement\":[{\"@type\":\"ListItem\",\"position\":1,\"name\":\"Home\",\"item\":\"https:\\\/\\\/blancshop.it\\\/en\\\/home-page\\\/\"},{\"@type\":\"ListItem\",\"position\":2,\"name\":\"Shop\",\"item\":\"https:\\\/\\\/blancshop.it\\\/en\\\/shop\\\/\"},{\"@type\":\"ListItem\",\"position\":3,\"name\":\"Camicetta donna\"}]},{\"@type\":\"WebSite\",\"@id\":\"https:\\\/\\\/blancshop.it\\\/en\\\/#website\",\"url\":\"https:\\\/\\\/blancshop.it\\\/en\\\/\",\"name\":\"Blanc Shop\",\"description\":\"\",\"publisher\":{\"@id\":\"https:\\\/\\\/blancshop.it\\\/en\\\/#organization\"},\"potentialAction\":[{\"@type\":\"SearchAction\",\"target\":{\"@type\":\"EntryPoint\",\"urlTemplate\":\"https:\\\/\\\/blancshop.it\\\/en\\\/?s={search_term_string}\"},\"query-input\":{\"@type\":\"PropertyValueSpecification\",\"valueRequired\":true,\"valueName\":\"search_term_string\"}}],\"inLanguage\":\"en-US\"},{\"@type\":\"Organization\",\"@id\":\"https:\\\/\\\/blancshop.it\\\/en\\\/#organization\",\"name\":\"Blanc Shop\",\"url\":\"https:\\\/\\\/blancshop.it\\\/en\\\/\",\"logo\":{\"@type\":\"ImageObject\",\"inLanguage\":\"en-US\",\"@id\":\"https:\\\/\\\/blancshop.it\\\/en\\\/#\\\/schema\\\/logo\\\/image\\\/\",\"url\":\"https:\\\/\\\/i0.wp.com\\\/blancshop.it\\\/wp-content\\\/uploads\\\/2023\\\/12\\\/blanc-02-1-e1729673845798.png?fit=1945%2C606&ssl=1\",\"contentUrl\":\"https:\\\/\\\/i0.wp.com\\\/blancshop.it\\\/wp-content\\\/uploads\\\/2023\\\/12\\\/blanc-02-1-e1729673845798.png?fit=1945%2C606&ssl=1\",\"width\":1945,\"height\":606,\"caption\":\"Blanc Shop\"},\"image\":{\"@id\":\"https:\\\/\\\/blancshop.it\\\/en\\\/#\\\/schema\\\/logo\\\/image\\\/\"},\"sameAs\":[\"https:\\\/\\\/www.instagram.com\\\/_raffira_\\\/?igsh=MWx6YnZhZG9pNmllbw\"]}]}<\/script>\n<!-- \/ Yoast SEO plugin. -->","yoast_head_json":{"title":"Camicetta donna - Blanc Shop","description":"Camicia da donna in oxford gold con vestibilit\u00e0 comoda. Adatta per ogni occasione, un capo che non pu\u00f2 mancare nel guardaroba.","robots":{"index":"index","follow":"follow","max-snippet":"max-snippet:-1","max-image-preview":"max-image-preview:large","max-video-preview":"max-video-preview:-1"},"canonical":"https:\/\/blancshop.it\/en\/prodotto\/camicetta-donna\/","og_locale":"en_US","og_type":"article","og_title":"Camicetta donna - Blanc Shop","og_description":"Camicia da donna in oxford gold con vestibilit\u00e0 comoda. Adatta per ogni occasione, un capo che non pu\u00f2 mancare nel guardaroba.","og_url":"https:\/\/blancshop.it\/en\/prodotto\/camicetta-donna\/","og_site_name":"Blanc Shop","article_modified_time":"2025-04-16T12:06:22+00:00","og_image":[{"width":1707,"height":2560,"url":"http:\/\/blancshop.it\/wp-content\/uploads\/2025\/04\/EV7A1443-scaled.jpg","type":"image\/jpeg"}],"twitter_card":"summary_large_image","twitter_misc":{"Est. reading time":"1 minute"},"schema":{"@context":"https:\/\/schema.org","@graph":[{"@type":"WebPage","@id":"https:\/\/blancshop.it\/en\/prodotto\/camicetta-donna\/","url":"https:\/\/blancshop.it\/en\/prodotto\/camicetta-donna\/","name":"Camicetta donna - Blanc Shop","isPartOf":{"@id":"https:\/\/blancshop.it\/en\/#website"},"primaryImageOfPage":{"@id":"https:\/\/blancshop.it\/en\/prodotto\/camicetta-donna\/#primaryimage"},"image":{"@id":"https:\/\/blancshop.it\/en\/prodotto\/camicetta-donna\/#primaryimage"},"thumbnailUrl":"https:\/\/i0.wp.com\/blancshop.it\/wp-content\/uploads\/2025\/04\/EV7A1443-scaled.jpg?fit=1707%2C2560&ssl=1","datePublished":"2025-04-16T12:06:21+00:00","dateModified":"2025-04-16T12:06:22+00:00","description":"Camicia da donna in oxford gold con vestibilit\u00e0 comoda. Adatta per ogni occasione, un capo che non pu\u00f2 mancare nel guardaroba.","breadcrumb":{"@id":"https:\/\/blancshop.it\/en\/prodotto\/camicetta-donna\/#breadcrumb"},"inLanguage":"en-US","potentialAction":[{"@type":"ReadAction","target":["https:\/\/blancshop.it\/en\/prodotto\/camicetta-donna\/"]}]},{"@type":"ImageObject","inLanguage":"en-US","@id":"https:\/\/blancshop.it\/en\/prodotto\/camicetta-donna\/#primaryimage","url":"https:\/\/i0.wp.com\/blancshop.it\/wp-content\/uploads\/2025\/04\/EV7A1443-scaled.jpg?fit=1707%2C2560&ssl=1","contentUrl":"https:\/\/i0.wp.com\/blancshop.it\/wp-content\/uploads\/2025\/04\/EV7A1443-scaled.jpg?fit=1707%2C2560&ssl=1","width":1707,"height":2560},{"@type":"BreadcrumbList","@id":"https:\/\/blancshop.it\/en\/prodotto\/camicetta-donna\/#breadcrumb","itemListElement":[{"@type":"ListItem","position":1,"name":"Home","item":"https:\/\/blancshop.it\/en\/home-page\/"},{"@type":"ListItem","position":2,"name":"Shop","item":"https:\/\/blancshop.it\/en\/shop\/"},{"@type":"ListItem","position":3,"name":"Camicetta donna"}]},{"@type":"WebSite","@id":"https:\/\/blancshop.it\/en\/#website","url":"https:\/\/blancshop.it\/en\/","name":"Blanc Shop","description":"","publisher":{"@id":"https:\/\/blancshop.it\/en\/#organization"},"potentialAction":[{"@type":"SearchAction","target":{"@type":"EntryPoint","urlTemplate":"https:\/\/blancshop.it\/en\/?s={search_term_string}"},"query-input":{"@type":"PropertyValueSpecification","valueRequired":true,"valueName":"search_term_string"}}],"inLanguage":"en-US"},{"@type":"Organization","@id":"https:\/\/blancshop.it\/en\/#organization","name":"Blanc Shop","url":"https:\/\/blancshop.it\/en\/","logo":{"@type":"ImageObject","inLanguage":"en-US","@id":"https:\/\/blancshop.it\/en\/#\/schema\/logo\/image\/","url":"https:\/\/i0.wp.com\/blancshop.it\/wp-content\/uploads\/2023\/12\/blanc-02-1-e1729673845798.png?fit=1945%2C606&ssl=1","contentUrl":"https:\/\/i0.wp.com\/blancshop.it\/wp-content\/uploads\/2023\/12\/blanc-02-1-e1729673845798.png?fit=1945%2C606&ssl=1","width":1945,"height":606,"caption":"Blanc Shop"},"image":{"@id":"https:\/\/blancshop.it\/en\/#\/schema\/logo\/image\/"},"sameAs":["https:\/\/www.instagram.com\/_raffira_\/?igsh=MWx6YnZhZG9pNmllbw"]}]}},"jetpack_sharing_enabled":true,"_links":{"self":[{"href":"https:\/\/blancshop.it\/en\/wp-json\/wp\/v2\/product\/989933","targetHints":{"allow":["GET"]}}],"collection":[{"href":"https:\/\/blancshop.it\/en\/wp-json\/wp\/v2\/product"}],"about":[{"href":"https:\/\/blancshop.it\/en\/wp-json\/wp\/v2\/types\/product"}],"replies":[{"embeddable":true,"href":"https:\/\/blancshop.it\/en\/wp-json\/wp\/v2\/comments?post=989933"}],"version-history":[{"count":1,"href":"https:\/\/blancshop.it\/en\/wp-json\/wp\/v2\/product\/989933\/revisions"}],"predecessor-version":[{"id":989944,"href":"https:\/\/blancshop.it\/en\/wp-json\/wp\/v2\/product\/989933\/revisions\/989944"}],"wp:featuredmedia":[{"embeddable":true,"href":"https:\/\/blancshop.it\/en\/wp-json\/wp\/v2\/media\/989934"}],"wp:attachment":[{"href":"https:\/\/blancshop.it\/en\/wp-json\/wp\/v2\/media?parent=989933"}],"wp:term":[{"taxonomy":"product_brand","embeddable":true,"href":"https:\/\/blancshop.it\/en\/wp-json\/wp\/v2\/product_brand?post=989933"},{"taxonomy":"product_cat","embeddable":true,"href":"https:\/\/blancshop.it\/en\/wp-json\/wp\/v2\/product_cat?post=989933"},{"taxonomy":"product_tag","embeddable":true,"href":"https:\/\/blancshop.it\/en\/wp-json\/wp\/v2\/product_tag?post=989933"}],"curies":[{"name":"wp","href":"https:\/\/api.w.org\/{rel}","templated":true}]}}